{"id":16245,"date":"2026-03-06T09:48:21","date_gmt":"2026-03-06T09:48:21","guid":{"rendered":"https:\/\/topmobiliario.es\/?post_type=product&#038;p=16245"},"modified":"2026-03-06T10:25:52","modified_gmt":"2026-03-06T10:25:52","slug":"sillon-relax-valeria-torresol","status":"publish","type":"product","link":"https:\/\/topmobiliario.es\/?product=sillon-relax-valeria-torresol","title":{"rendered":"SILLON RELAX VALERIA TORRESOL"},"content":{"rendered":"<h4 class=\"vc_custom_heading wpb_animate_when_almost_visible wpb_fadeIn fadeIn animated wpb_start_animation\">La calidad no es fruto de la casualidad, es una mezcla de responsabilidad, de esfuerzo y de la utilizaci\u00f3n de buenos materiales.<br \/>\nUn sof\u00e1 Torresol no solo destaca por su dise\u00f1o exterior, tambi\u00e9n ponemos especial cuidado en su interior para que tengas un sof\u00e1 de alta durabilidad.<\/h4>\n<p>Equilibrio ideal entre funcionalidad y comodidad. Valeria es un sill\u00f3n que dispone de un pie met\u00e1lico giratorio, mecanismo relax y cabezal ajustable. Todo un lujo para los sentidos.<\/p>\n<p>Armazones<\/p>\n<ul>\n<li>Meta\u0301lico en brazo madera de pino y tablero de parti\u0301culas.<\/li>\n<\/ul>\n<p>Rellenos<\/p>\n<ul>\n<li>Almohadas de asientos: Espuma de poliuretano HR 35 Kg. certificada + fibra 250 grs.<\/li>\n<li>Almohada de respaldo: Espuma de poliuretano HR-25 kg. certificada + fibra 250 grs.<\/li>\n<\/ul>\n<p>Mecanismos<\/p>\n<ul>\n<li>Columna: Giratoria de giro continuo.<\/li>\n<\/ul>\n\n    <div class=\"xs_social_share_widget xs_share_url after_content \t\tmain_content  wslu-style-1 wslu-share-box-shaped wslu-fill-colored wslu-none wslu-share-horizontal wslu-theme-font-no wslu-main_content\">\n\n\t\t\n        <ul>\n\t\t\t        <\/ul>\n    <\/div> \n","protected":false},"excerpt":{"rendered":"<p>La calidad no es fruto de la casualidad, es una mezcla de responsabilidad, de esfuerzo y de la utilizaci\u00f3n de buenos materiales. Un sof\u00e1 Torresol no solo destaca por su dise\u00f1o exterior, tambi\u00e9n ponemos especial cuidado en su interior para que tengas un sof\u00e1 de alta durabilidad. Equilibrio ideal entre funcionalidad y comodidad. Valeria es [&hellip;]<\/p>\n","protected":false},"featured_media":16128,"comment_status":"open","ping_status":"closed","template":"","meta":{"postBodyCss":"","postBodyMargin":[],"postBodyPadding":[],"postBodyBackground":{"backgroundType":"classic","gradient":""}},"pwb-brand":[],"product_brand":[1066],"product_cat":[325,318],"product_tag":[],"class_list":{"0":"post-16245","1":"product","2":"type-product","3":"status-publish","4":"has-post-thumbnail","6":"product_brand-torresol","7":"product_cat-sillones-relax","8":"product_cat-sofas","10":"first","11":"instock","12":"shipping-taxable","13":"product-type-simple"},"yoast_head":"<!-- This site is optimized with the Yoast SEO plugin v26.7 - https:\/\/yoast.com\/wordpress\/plugins\/seo\/ -->\n<title>SILLON RELAX VALERIA TORRESOL - topmobiliario<\/title>\n<meta name=\"robots\" content=\"index, follow, max-snippet:-1, max-image-preview:large, max-video-preview:-1\" \/>\n<link rel=\"canonical\" href=\"https:\/\/topmobiliario.es\/?product=sillon-relax-valeria-torresol\" \/>\n<meta property=\"og:locale\" content=\"es_ES\" \/>\n<meta property=\"og:type\" content=\"article\" \/>\n<meta property=\"og:title\" content=\"SILLON RELAX VALERIA TORRESOL - topmobiliario\" \/>\n<meta property=\"og:description\" content=\"La calidad no es fruto de la casualidad, es una mezcla de responsabilidad, de esfuerzo y de la utilizaci\u00f3n de buenos materiales. Un sof\u00e1 Torresol no solo destaca por su dise\u00f1o exterior, tambi\u00e9n ponemos especial cuidado en su interior para que tengas un sof\u00e1 de alta durabilidad. Equilibrio ideal entre funcionalidad y comodidad. Valeria es [&hellip;]\" \/>\n<meta property=\"og:url\" content=\"https:\/\/topmobiliario.es\/?product=sillon-relax-valeria-torresol\" \/>\n<meta property=\"og:site_name\" content=\"topmobiliario\" \/>\n<meta property=\"article:publisher\" content=\"https:\/\/www.facebook.com\/Topmobiliariotrimobel\" \/>\n<meta property=\"article:modified_time\" content=\"2026-03-06T10:25:52+00:00\" \/>\n<meta property=\"og:image\" content=\"https:\/\/topmobiliario.es\/wp-content\/uploads\/2026\/03\/sillon-relax-valeria-torresol-4-marca.jpg\" \/>\n\t<meta property=\"og:image:width\" content=\"1800\" \/>\n\t<meta property=\"og:image:height\" content=\"980\" \/>\n\t<meta property=\"og:image:type\" content=\"image\/jpeg\" \/>\n<meta name=\"twitter:card\" content=\"summary_large_image\" \/>\n<meta name=\"twitter:site\" content=\"@trimobel\" \/>\n<meta name=\"twitter:label1\" content=\"Tiempo de lectura\" \/>\n\t<meta name=\"twitter:data1\" content=\"1 minuto\" \/>\n<script type=\"application\/ld+json\" class=\"yoast-schema-graph\">{\"@context\":\"https:\/\/schema.org\",\"@graph\":[{\"@type\":\"WebPage\",\"@id\":\"https:\/\/topmobiliario.es\/?product=sillon-relax-valeria-torresol\",\"url\":\"https:\/\/topmobiliario.es\/?product=sillon-relax-valeria-torresol\",\"name\":\"SILLON RELAX VALERIA TORRESOL - topmobiliario\",\"isPartOf\":{\"@id\":\"https:\/\/topmobiliario.es\/#website\"},\"primaryImageOfPage\":{\"@id\":\"https:\/\/topmobiliario.es\/?product=sillon-relax-valeria-torresol#primaryimage\"},\"image\":{\"@id\":\"https:\/\/topmobiliario.es\/?product=sillon-relax-valeria-torresol#primaryimage\"},\"thumbnailUrl\":\"https:\/\/topmobiliario.es\/wp-content\/uploads\/2026\/03\/sillon-relax-valeria-torresol-4-marca.jpg\",\"datePublished\":\"2026-03-06T09:48:21+00:00\",\"dateModified\":\"2026-03-06T10:25:52+00:00\",\"breadcrumb\":{\"@id\":\"https:\/\/topmobiliario.es\/?product=sillon-relax-valeria-torresol#breadcrumb\"},\"inLanguage\":\"es\",\"potentialAction\":[{\"@type\":\"ReadAction\",\"target\":[\"https:\/\/topmobiliario.es\/?product=sillon-relax-valeria-torresol\"]}]},{\"@type\":\"ImageObject\",\"inLanguage\":\"es\",\"@id\":\"https:\/\/topmobiliario.es\/?product=sillon-relax-valeria-torresol#primaryimage\",\"url\":\"https:\/\/topmobiliario.es\/wp-content\/uploads\/2026\/03\/sillon-relax-valeria-torresol-4-marca.jpg\",\"contentUrl\":\"https:\/\/topmobiliario.es\/wp-content\/uploads\/2026\/03\/sillon-relax-valeria-torresol-4-marca.jpg\",\"width\":1800,\"height\":980},{\"@type\":\"BreadcrumbList\",\"@id\":\"https:\/\/topmobiliario.es\/?product=sillon-relax-valeria-torresol#breadcrumb\",\"itemListElement\":[{\"@type\":\"ListItem\",\"position\":1,\"name\":\"Portada\",\"item\":\"https:\/\/topmobiliario.es\/\"},{\"@type\":\"ListItem\",\"position\":2,\"name\":\"Productos\",\"item\":\"https:\/\/topmobiliario.es\/tienda\/\"},{\"@type\":\"ListItem\",\"position\":3,\"name\":\"SILLON RELAX VALERIA TORRESOL\"}]},{\"@type\":\"WebSite\",\"@id\":\"https:\/\/topmobiliario.es\/#website\",\"url\":\"https:\/\/topmobiliario.es\/\",\"name\":\"topmobiliario\",\"description\":\"Estudio de decoraci\u00f3n y cocinas\",\"publisher\":{\"@id\":\"https:\/\/topmobiliario.es\/#organization\"},\"potentialAction\":[{\"@type\":\"SearchAction\",\"target\":{\"@type\":\"EntryPoint\",\"urlTemplate\":\"https:\/\/topmobiliario.es\/?s={search_term_string}\"},\"query-input\":{\"@type\":\"PropertyValueSpecification\",\"valueRequired\":true,\"valueName\":\"search_term_string\"}}],\"inLanguage\":\"es\"},{\"@type\":\"Organization\",\"@id\":\"https:\/\/topmobiliario.es\/#organization\",\"name\":\"topmobiliario\",\"url\":\"https:\/\/topmobiliario.es\/\",\"logo\":{\"@type\":\"ImageObject\",\"inLanguage\":\"es\",\"@id\":\"https:\/\/topmobiliario.es\/#\/schema\/logo\/image\/\",\"url\":\"https:\/\/topmobiliario.es\/wp-content\/uploads\/2025\/07\/TOP-MOBILIARIO-solo-texto-03.png\",\"contentUrl\":\"https:\/\/topmobiliario.es\/wp-content\/uploads\/2025\/07\/TOP-MOBILIARIO-solo-texto-03.png\",\"width\":1417,\"height\":490,\"caption\":\"topmobiliario\"},\"image\":{\"@id\":\"https:\/\/topmobiliario.es\/#\/schema\/logo\/image\/\"},\"sameAs\":[\"https:\/\/www.facebook.com\/Topmobiliariotrimobel\",\"https:\/\/x.com\/trimobel\",\"https:\/\/es.pinterest.com\/topmobiliario\/\"]}]}<\/script>\n<!-- \/ Yoast SEO plugin. -->","yoast_head_json":{"title":"SILLON RELAX VALERIA TORRESOL - topmobiliario","robots":{"index":"index","follow":"follow","max-snippet":"max-snippet:-1","max-image-preview":"max-image-preview:large","max-video-preview":"max-video-preview:-1"},"canonical":"https:\/\/topmobiliario.es\/?product=sillon-relax-valeria-torresol","og_locale":"es_ES","og_type":"article","og_title":"SILLON RELAX VALERIA TORRESOL - topmobiliario","og_description":"La calidad no es fruto de la casualidad, es una mezcla de responsabilidad, de esfuerzo y de la utilizaci\u00f3n de buenos materiales. Un sof\u00e1 Torresol no solo destaca por su dise\u00f1o exterior, tambi\u00e9n ponemos especial cuidado en su interior para que tengas un sof\u00e1 de alta durabilidad. Equilibrio ideal entre funcionalidad y comodidad. Valeria es [&hellip;]","og_url":"https:\/\/topmobiliario.es\/?product=sillon-relax-valeria-torresol","og_site_name":"topmobiliario","article_publisher":"https:\/\/www.facebook.com\/Topmobiliariotrimobel","article_modified_time":"2026-03-06T10:25:52+00:00","og_image":[{"width":1800,"height":980,"url":"https:\/\/topmobiliario.es\/wp-content\/uploads\/2026\/03\/sillon-relax-valeria-torresol-4-marca.jpg","type":"image\/jpeg"}],"twitter_card":"summary_large_image","twitter_site":"@trimobel","twitter_misc":{"Tiempo de lectura":"1 minuto"},"schema":{"@context":"https:\/\/schema.org","@graph":[{"@type":"WebPage","@id":"https:\/\/topmobiliario.es\/?product=sillon-relax-valeria-torresol","url":"https:\/\/topmobiliario.es\/?product=sillon-relax-valeria-torresol","name":"SILLON RELAX VALERIA TORRESOL - topmobiliario","isPartOf":{"@id":"https:\/\/topmobiliario.es\/#website"},"primaryImageOfPage":{"@id":"https:\/\/topmobiliario.es\/?product=sillon-relax-valeria-torresol#primaryimage"},"image":{"@id":"https:\/\/topmobiliario.es\/?product=sillon-relax-valeria-torresol#primaryimage"},"thumbnailUrl":"https:\/\/topmobiliario.es\/wp-content\/uploads\/2026\/03\/sillon-relax-valeria-torresol-4-marca.jpg","datePublished":"2026-03-06T09:48:21+00:00","dateModified":"2026-03-06T10:25:52+00:00","breadcrumb":{"@id":"https:\/\/topmobiliario.es\/?product=sillon-relax-valeria-torresol#breadcrumb"},"inLanguage":"es","potentialAction":[{"@type":"ReadAction","target":["https:\/\/topmobiliario.es\/?product=sillon-relax-valeria-torresol"]}]},{"@type":"ImageObject","inLanguage":"es","@id":"https:\/\/topmobiliario.es\/?product=sillon-relax-valeria-torresol#primaryimage","url":"https:\/\/topmobiliario.es\/wp-content\/uploads\/2026\/03\/sillon-relax-valeria-torresol-4-marca.jpg","contentUrl":"https:\/\/topmobiliario.es\/wp-content\/uploads\/2026\/03\/sillon-relax-valeria-torresol-4-marca.jpg","width":1800,"height":980},{"@type":"BreadcrumbList","@id":"https:\/\/topmobiliario.es\/?product=sillon-relax-valeria-torresol#breadcrumb","itemListElement":[{"@type":"ListItem","position":1,"name":"Portada","item":"https:\/\/topmobiliario.es\/"},{"@type":"ListItem","position":2,"name":"Productos","item":"https:\/\/topmobiliario.es\/tienda\/"},{"@type":"ListItem","position":3,"name":"SILLON RELAX VALERIA TORRESOL"}]},{"@type":"WebSite","@id":"https:\/\/topmobiliario.es\/#website","url":"https:\/\/topmobiliario.es\/","name":"topmobiliario","description":"Estudio de decoraci\u00f3n y cocinas","publisher":{"@id":"https:\/\/topmobiliario.es\/#organization"},"potentialAction":[{"@type":"SearchAction","target":{"@type":"EntryPoint","urlTemplate":"https:\/\/topmobiliario.es\/?s={search_term_string}"},"query-input":{"@type":"PropertyValueSpecification","valueRequired":true,"valueName":"search_term_string"}}],"inLanguage":"es"},{"@type":"Organization","@id":"https:\/\/topmobiliario.es\/#organization","name":"topmobiliario","url":"https:\/\/topmobiliario.es\/","logo":{"@type":"ImageObject","inLanguage":"es","@id":"https:\/\/topmobiliario.es\/#\/schema\/logo\/image\/","url":"https:\/\/topmobiliario.es\/wp-content\/uploads\/2025\/07\/TOP-MOBILIARIO-solo-texto-03.png","contentUrl":"https:\/\/topmobiliario.es\/wp-content\/uploads\/2025\/07\/TOP-MOBILIARIO-solo-texto-03.png","width":1417,"height":490,"caption":"topmobiliario"},"image":{"@id":"https:\/\/topmobiliario.es\/#\/schema\/logo\/image\/"},"sameAs":["https:\/\/www.facebook.com\/Topmobiliariotrimobel","https:\/\/x.com\/trimobel","https:\/\/es.pinterest.com\/topmobiliario\/"]}]}},"brands":[],"tiered_pricing_type":"fixed","tiered_pricing_fixed_rules":[],"tiered_pricing_product_settings":{"layout":"default","base_unit_name":{"singular":null,"plural":null},"default_variation":null},"tiered_pricing_minimum_quantity":null,"tiered_pricing_roles_data":[],"tiered_pricing_percentage_rules":[],"_links":{"self":[{"href":"https:\/\/topmobiliario.es\/index.php?rest_route=\/wp\/v2\/product\/16245","targetHints":{"allow":["GET"]}}],"collection":[{"href":"https:\/\/topmobiliario.es\/index.php?rest_route=\/wp\/v2\/product"}],"about":[{"href":"https:\/\/topmobiliario.es\/index.php?rest_route=\/wp\/v2\/types\/product"}],"replies":[{"embeddable":true,"href":"https:\/\/topmobiliario.es\/index.php?rest_route=%2Fwp%2Fv2%2Fcomments&post=16245"}],"version-history":[{"count":1,"href":"https:\/\/topmobiliario.es\/index.php?rest_route=\/wp\/v2\/product\/16245\/revisions"}],"predecessor-version":[{"id":16247,"href":"https:\/\/topmobiliario.es\/index.php?rest_route=\/wp\/v2\/product\/16245\/revisions\/16247"}],"wp:featuredmedia":[{"embeddable":true,"href":"https:\/\/topmobiliario.es\/index.php?rest_route=\/wp\/v2\/media\/16128"}],"wp:attachment":[{"href":"https:\/\/topmobiliario.es\/index.php?rest_route=%2Fwp%2Fv2%2Fmedia&parent=16245"}],"wp:term":[{"taxonomy":"pwb-brand","embeddable":true,"href":"https:\/\/topmobiliario.es\/index.php?rest_route=%2Fwp%2Fv2%2Fpwb-brand&post=16245"},{"taxonomy":"product_brand","embeddable":true,"href":"https:\/\/topmobiliario.es\/index.php?rest_route=%2Fwp%2Fv2%2Fproduct_brand&post=16245"},{"taxonomy":"product_cat","embeddable":true,"href":"https:\/\/topmobiliario.es\/index.php?rest_route=%2Fwp%2Fv2%2Fproduct_cat&post=16245"},{"taxonomy":"product_tag","embeddable":true,"href":"https:\/\/topmobiliario.es\/index.php?rest_route=%2Fwp%2Fv2%2Fproduct_tag&post=16245"}],"curies":[{"name":"wp","href":"https:\/\/api.w.org\/{rel}","templated":true}]}}