{"id":16252,"date":"2026-03-06T10:44:09","date_gmt":"2026-03-06T10:44:09","guid":{"rendered":"https:\/\/topmobiliario.es\/?post_type=product&#038;p=16252"},"modified":"2026-03-06T11:27:01","modified_gmt":"2026-03-06T11:27:01","slug":"soda-izan-torresol","status":"publish","type":"product","link":"https:\/\/topmobiliario.es\/?product=soda-izan-torresol","title":{"rendered":"SODA IZAN TORRESOL"},"content":{"rendered":"<h4 class=\"vc_custom_heading wpb_animate_when_almost_visible wpb_fadeIn fadeIn animated wpb_start_animation\">La calidad no es fruto de la casualidad, es una mezcla de responsabilidad, de esfuerzo y de la utilizaci\u00f3n de buenos materiales.<br \/>\nUn sof\u00e1 Torresol no solo destaca por su dise\u00f1o exterior, tambi\u00e9n ponemos especial cuidado en su interior para que tengas un sof\u00e1 de alta durabilidad.<\/h4>\n<ul>\n<li style=\"list-style-type: none;\">\n<ul>\n<li style=\"list-style-type: none;\">\n<ul>\n<li>Nuestro modelo Izan ofrece un m\u00faltiple abanico de posibilidades gracias a su gran soluci\u00f3n compositiva, ad\u00e1ptalo en altura o anchura, adem\u00e1s ofrece l\u00edneas sencillas y contempor\u00e1neas imprescindible para un descanso de calidad.<\/li>\n<li>Armazones\n<ul>\n<li>Madera de pino y tablero de part\u00edculas.<\/li>\n<\/ul>\n<p>Rellenos<\/p>\n<ul>\n<li>Almohadas de asiento: Espuma de poliuretano HR-35 kg + 50% pluma de pato +50% micro-fibras fijaci\u00f3n especial + 50%pluma.<\/li>\n<li>Respaldo: 50% Micro -Fibras fijaci\u00f3n especial 50% pluma.<\/li>\n<\/ul>\n<p>Suspensiones<\/p>\n<ul>\n<li>Respaldos: Cincha italiana de 80 mm. de alta calidad.<\/li>\n<li>Asientos: Cincha italiana de 80 mm. de alta calidad.<\/li>\n<\/ul>\n<p>Patas<\/p>\n<ul>\n<li>Medera: Wengue, Altura 4 cm.<\/li>\n<\/ul>\n<\/li>\n<\/ul>\n<\/li>\n<\/ul>\n<\/li>\n<\/ul>\n\n    <div class=\"xs_social_share_widget xs_share_url after_content \t\tmain_content  wslu-style-1 wslu-share-box-shaped wslu-fill-colored wslu-none wslu-share-horizontal wslu-theme-font-no wslu-main_content\">\n\n\t\t\n        <ul>\n\t\t\t        <\/ul>\n    <\/div> \n","protected":false},"excerpt":{"rendered":"<p>La calidad no es fruto de la casualidad, es una mezcla de responsabilidad, de esfuerzo y de la utilizaci\u00f3n de buenos materiales. Un sof\u00e1 Torresol no solo destaca por su dise\u00f1o exterior, tambi\u00e9n ponemos especial cuidado en su interior para que tengas un sof\u00e1 de alta durabilidad. Nuestro modelo Izan ofrece un m\u00faltiple abanico de [&hellip;]<\/p>\n","protected":false},"featured_media":16189,"comment_status":"open","ping_status":"closed","template":"","meta":{"postBodyCss":"","postBodyMargin":[],"postBodyPadding":[],"postBodyBackground":{"backgroundType":"classic","gradient":""}},"pwb-brand":[],"product_brand":[1066],"product_cat":[318,319],"product_tag":[],"class_list":{"0":"post-16252","1":"product","2":"type-product","3":"status-publish","4":"has-post-thumbnail","6":"product_brand-torresol","7":"product_cat-sofas","8":"product_cat-sofas-modulares","10":"first","11":"instock","12":"shipping-taxable","13":"product-type-simple"},"yoast_head":"<!-- This site is optimized with the Yoast SEO plugin v26.7 - https:\/\/yoast.com\/wordpress\/plugins\/seo\/ -->\n<title>SODA IZAN TORRESOL - topmobiliario<\/title>\n<meta name=\"robots\" content=\"index, follow, max-snippet:-1, max-image-preview:large, max-video-preview:-1\" \/>\n<link rel=\"canonical\" href=\"https:\/\/topmobiliario.es\/?product=soda-izan-torresol\" \/>\n<meta property=\"og:locale\" content=\"es_ES\" \/>\n<meta property=\"og:type\" content=\"article\" \/>\n<meta property=\"og:title\" content=\"SODA IZAN TORRESOL - topmobiliario\" \/>\n<meta property=\"og:description\" content=\"La calidad no es fruto de la casualidad, es una mezcla de responsabilidad, de esfuerzo y de la utilizaci\u00f3n de buenos materiales. Un sof\u00e1 Torresol no solo destaca por su dise\u00f1o exterior, tambi\u00e9n ponemos especial cuidado en su interior para que tengas un sof\u00e1 de alta durabilidad. Nuestro modelo Izan ofrece un m\u00faltiple abanico de [&hellip;]\" \/>\n<meta property=\"og:url\" content=\"https:\/\/topmobiliario.es\/?product=soda-izan-torresol\" \/>\n<meta property=\"og:site_name\" content=\"topmobiliario\" \/>\n<meta property=\"article:publisher\" content=\"https:\/\/www.facebook.com\/Topmobiliariotrimobel\" \/>\n<meta property=\"article:modified_time\" content=\"2026-03-06T11:27:01+00:00\" \/>\n<meta property=\"og:image\" content=\"https:\/\/topmobiliario.es\/wp-content\/uploads\/2026\/03\/sofa-izan-torresol-4.jpg\" \/>\n\t<meta property=\"og:image:width\" content=\"1920\" \/>\n\t<meta property=\"og:image:height\" content=\"1045\" \/>\n\t<meta property=\"og:image:type\" content=\"image\/jpeg\" \/>\n<meta name=\"twitter:card\" content=\"summary_large_image\" \/>\n<meta name=\"twitter:site\" content=\"@trimobel\" \/>\n<meta name=\"twitter:label1\" content=\"Tiempo de lectura\" \/>\n\t<meta name=\"twitter:data1\" content=\"1 minuto\" \/>\n<script type=\"application\/ld+json\" class=\"yoast-schema-graph\">{\"@context\":\"https:\/\/schema.org\",\"@graph\":[{\"@type\":\"WebPage\",\"@id\":\"https:\/\/topmobiliario.es\/?product=soda-izan-torresol\",\"url\":\"https:\/\/topmobiliario.es\/?product=soda-izan-torresol\",\"name\":\"SODA IZAN TORRESOL - topmobiliario\",\"isPartOf\":{\"@id\":\"https:\/\/topmobiliario.es\/#website\"},\"primaryImageOfPage\":{\"@id\":\"https:\/\/topmobiliario.es\/?product=soda-izan-torresol#primaryimage\"},\"image\":{\"@id\":\"https:\/\/topmobiliario.es\/?product=soda-izan-torresol#primaryimage\"},\"thumbnailUrl\":\"https:\/\/topmobiliario.es\/wp-content\/uploads\/2026\/03\/sofa-izan-torresol-4.jpg\",\"datePublished\":\"2026-03-06T10:44:09+00:00\",\"dateModified\":\"2026-03-06T11:27:01+00:00\",\"breadcrumb\":{\"@id\":\"https:\/\/topmobiliario.es\/?product=soda-izan-torresol#breadcrumb\"},\"inLanguage\":\"es\",\"potentialAction\":[{\"@type\":\"ReadAction\",\"target\":[\"https:\/\/topmobiliario.es\/?product=soda-izan-torresol\"]}]},{\"@type\":\"ImageObject\",\"inLanguage\":\"es\",\"@id\":\"https:\/\/topmobiliario.es\/?product=soda-izan-torresol#primaryimage\",\"url\":\"https:\/\/topmobiliario.es\/wp-content\/uploads\/2026\/03\/sofa-izan-torresol-4.jpg\",\"contentUrl\":\"https:\/\/topmobiliario.es\/wp-content\/uploads\/2026\/03\/sofa-izan-torresol-4.jpg\",\"width\":1920,\"height\":1045},{\"@type\":\"BreadcrumbList\",\"@id\":\"https:\/\/topmobiliario.es\/?product=soda-izan-torresol#breadcrumb\",\"itemListElement\":[{\"@type\":\"ListItem\",\"position\":1,\"name\":\"Portada\",\"item\":\"https:\/\/topmobiliario.es\/\"},{\"@type\":\"ListItem\",\"position\":2,\"name\":\"Productos\",\"item\":\"https:\/\/topmobiliario.es\/tienda\/\"},{\"@type\":\"ListItem\",\"position\":3,\"name\":\"SODA IZAN TORRESOL\"}]},{\"@type\":\"WebSite\",\"@id\":\"https:\/\/topmobiliario.es\/#website\",\"url\":\"https:\/\/topmobiliario.es\/\",\"name\":\"topmobiliario\",\"description\":\"Estudio de decoraci\u00f3n y cocinas\",\"publisher\":{\"@id\":\"https:\/\/topmobiliario.es\/#organization\"},\"potentialAction\":[{\"@type\":\"SearchAction\",\"target\":{\"@type\":\"EntryPoint\",\"urlTemplate\":\"https:\/\/topmobiliario.es\/?s={search_term_string}\"},\"query-input\":{\"@type\":\"PropertyValueSpecification\",\"valueRequired\":true,\"valueName\":\"search_term_string\"}}],\"inLanguage\":\"es\"},{\"@type\":\"Organization\",\"@id\":\"https:\/\/topmobiliario.es\/#organization\",\"name\":\"topmobiliario\",\"url\":\"https:\/\/topmobiliario.es\/\",\"logo\":{\"@type\":\"ImageObject\",\"inLanguage\":\"es\",\"@id\":\"https:\/\/topmobiliario.es\/#\/schema\/logo\/image\/\",\"url\":\"https:\/\/topmobiliario.es\/wp-content\/uploads\/2025\/07\/TOP-MOBILIARIO-solo-texto-03.png\",\"contentUrl\":\"https:\/\/topmobiliario.es\/wp-content\/uploads\/2025\/07\/TOP-MOBILIARIO-solo-texto-03.png\",\"width\":1417,\"height\":490,\"caption\":\"topmobiliario\"},\"image\":{\"@id\":\"https:\/\/topmobiliario.es\/#\/schema\/logo\/image\/\"},\"sameAs\":[\"https:\/\/www.facebook.com\/Topmobiliariotrimobel\",\"https:\/\/x.com\/trimobel\",\"https:\/\/es.pinterest.com\/topmobiliario\/\"]}]}<\/script>\n<!-- \/ Yoast SEO plugin. -->","yoast_head_json":{"title":"SODA IZAN TORRESOL - topmobiliario","robots":{"index":"index","follow":"follow","max-snippet":"max-snippet:-1","max-image-preview":"max-image-preview:large","max-video-preview":"max-video-preview:-1"},"canonical":"https:\/\/topmobiliario.es\/?product=soda-izan-torresol","og_locale":"es_ES","og_type":"article","og_title":"SODA IZAN TORRESOL - topmobiliario","og_description":"La calidad no es fruto de la casualidad, es una mezcla de responsabilidad, de esfuerzo y de la utilizaci\u00f3n de buenos materiales. Un sof\u00e1 Torresol no solo destaca por su dise\u00f1o exterior, tambi\u00e9n ponemos especial cuidado en su interior para que tengas un sof\u00e1 de alta durabilidad. Nuestro modelo Izan ofrece un m\u00faltiple abanico de [&hellip;]","og_url":"https:\/\/topmobiliario.es\/?product=soda-izan-torresol","og_site_name":"topmobiliario","article_publisher":"https:\/\/www.facebook.com\/Topmobiliariotrimobel","article_modified_time":"2026-03-06T11:27:01+00:00","og_image":[{"width":1920,"height":1045,"url":"https:\/\/topmobiliario.es\/wp-content\/uploads\/2026\/03\/sofa-izan-torresol-4.jpg","type":"image\/jpeg"}],"twitter_card":"summary_large_image","twitter_site":"@trimobel","twitter_misc":{"Tiempo de lectura":"1 minuto"},"schema":{"@context":"https:\/\/schema.org","@graph":[{"@type":"WebPage","@id":"https:\/\/topmobiliario.es\/?product=soda-izan-torresol","url":"https:\/\/topmobiliario.es\/?product=soda-izan-torresol","name":"SODA IZAN TORRESOL - topmobiliario","isPartOf":{"@id":"https:\/\/topmobiliario.es\/#website"},"primaryImageOfPage":{"@id":"https:\/\/topmobiliario.es\/?product=soda-izan-torresol#primaryimage"},"image":{"@id":"https:\/\/topmobiliario.es\/?product=soda-izan-torresol#primaryimage"},"thumbnailUrl":"https:\/\/topmobiliario.es\/wp-content\/uploads\/2026\/03\/sofa-izan-torresol-4.jpg","datePublished":"2026-03-06T10:44:09+00:00","dateModified":"2026-03-06T11:27:01+00:00","breadcrumb":{"@id":"https:\/\/topmobiliario.es\/?product=soda-izan-torresol#breadcrumb"},"inLanguage":"es","potentialAction":[{"@type":"ReadAction","target":["https:\/\/topmobiliario.es\/?product=soda-izan-torresol"]}]},{"@type":"ImageObject","inLanguage":"es","@id":"https:\/\/topmobiliario.es\/?product=soda-izan-torresol#primaryimage","url":"https:\/\/topmobiliario.es\/wp-content\/uploads\/2026\/03\/sofa-izan-torresol-4.jpg","contentUrl":"https:\/\/topmobiliario.es\/wp-content\/uploads\/2026\/03\/sofa-izan-torresol-4.jpg","width":1920,"height":1045},{"@type":"BreadcrumbList","@id":"https:\/\/topmobiliario.es\/?product=soda-izan-torresol#breadcrumb","itemListElement":[{"@type":"ListItem","position":1,"name":"Portada","item":"https:\/\/topmobiliario.es\/"},{"@type":"ListItem","position":2,"name":"Productos","item":"https:\/\/topmobiliario.es\/tienda\/"},{"@type":"ListItem","position":3,"name":"SODA IZAN TORRESOL"}]},{"@type":"WebSite","@id":"https:\/\/topmobiliario.es\/#website","url":"https:\/\/topmobiliario.es\/","name":"topmobiliario","description":"Estudio de decoraci\u00f3n y cocinas","publisher":{"@id":"https:\/\/topmobiliario.es\/#organization"},"potentialAction":[{"@type":"SearchAction","target":{"@type":"EntryPoint","urlTemplate":"https:\/\/topmobiliario.es\/?s={search_term_string}"},"query-input":{"@type":"PropertyValueSpecification","valueRequired":true,"valueName":"search_term_string"}}],"inLanguage":"es"},{"@type":"Organization","@id":"https:\/\/topmobiliario.es\/#organization","name":"topmobiliario","url":"https:\/\/topmobiliario.es\/","logo":{"@type":"ImageObject","inLanguage":"es","@id":"https:\/\/topmobiliario.es\/#\/schema\/logo\/image\/","url":"https:\/\/topmobiliario.es\/wp-content\/uploads\/2025\/07\/TOP-MOBILIARIO-solo-texto-03.png","contentUrl":"https:\/\/topmobiliario.es\/wp-content\/uploads\/2025\/07\/TOP-MOBILIARIO-solo-texto-03.png","width":1417,"height":490,"caption":"topmobiliario"},"image":{"@id":"https:\/\/topmobiliario.es\/#\/schema\/logo\/image\/"},"sameAs":["https:\/\/www.facebook.com\/Topmobiliariotrimobel","https:\/\/x.com\/trimobel","https:\/\/es.pinterest.com\/topmobiliario\/"]}]}},"brands":[],"tiered_pricing_type":"fixed","tiered_pricing_fixed_rules":[],"tiered_pricing_product_settings":{"layout":"default","base_unit_name":{"singular":null,"plural":null},"default_variation":null},"tiered_pricing_minimum_quantity":null,"tiered_pricing_roles_data":[],"tiered_pricing_percentage_rules":[],"_links":{"self":[{"href":"https:\/\/topmobiliario.es\/index.php?rest_route=\/wp\/v2\/product\/16252","targetHints":{"allow":["GET"]}}],"collection":[{"href":"https:\/\/topmobiliario.es\/index.php?rest_route=\/wp\/v2\/product"}],"about":[{"href":"https:\/\/topmobiliario.es\/index.php?rest_route=\/wp\/v2\/types\/product"}],"replies":[{"embeddable":true,"href":"https:\/\/topmobiliario.es\/index.php?rest_route=%2Fwp%2Fv2%2Fcomments&post=16252"}],"version-history":[{"count":1,"href":"https:\/\/topmobiliario.es\/index.php?rest_route=\/wp\/v2\/product\/16252\/revisions"}],"predecessor-version":[{"id":16253,"href":"https:\/\/topmobiliario.es\/index.php?rest_route=\/wp\/v2\/product\/16252\/revisions\/16253"}],"wp:featuredmedia":[{"embeddable":true,"href":"https:\/\/topmobiliario.es\/index.php?rest_route=\/wp\/v2\/media\/16189"}],"wp:attachment":[{"href":"https:\/\/topmobiliario.es\/index.php?rest_route=%2Fwp%2Fv2%2Fmedia&parent=16252"}],"wp:term":[{"taxonomy":"pwb-brand","embeddable":true,"href":"https:\/\/topmobiliario.es\/index.php?rest_route=%2Fwp%2Fv2%2Fpwb-brand&post=16252"},{"taxonomy":"product_brand","embeddable":true,"href":"https:\/\/topmobiliario.es\/index.php?rest_route=%2Fwp%2Fv2%2Fproduct_brand&post=16252"},{"taxonomy":"product_cat","embeddable":true,"href":"https:\/\/topmobiliario.es\/index.php?rest_route=%2Fwp%2Fv2%2Fproduct_cat&post=16252"},{"taxonomy":"product_tag","embeddable":true,"href":"https:\/\/topmobiliario.es\/index.php?rest_route=%2Fwp%2Fv2%2Fproduct_tag&post=16252"}],"curies":[{"name":"wp","href":"https:\/\/api.w.org\/{rel}","templated":true}]}}